{"id":74,"date":"2019-02-13T16:19:13","date_gmt":"2019-02-13T15:19:13","guid":{"rendered":"https:\/\/stadlbauer.wasta.at\/?page_id=74"},"modified":"2019-07-02T17:51:38","modified_gmt":"2019-07-02T15:51:38","slug":"leistung","status":"publish","type":"page","link":"https:\/\/www.masta.co.at\/?page_id=74","title":{"rendered":"Leistung"},"content":{"rendered":"\n<h2 style=\"color:#0085ca;\">IT Consulting:<\/h2>\n\n\n\n<p>Eine kompetente und pers\u00f6nliche Beratung ihres IT-Projekts.  <br>Auch nach Projektende k\u00f6nnen sie durch Wartungsvertr\u00e4ge von meinem IT-Service profitieren.  <\/p>\n\n\n\n<ul class=\"wp-block-list\"><li>Analyse ihrer IT-Infrastruktur<\/li><li>Optimierung ihrer Software<\/li><li>Evaluierung der Datensicherheit<\/li><li>Analyse und Optimierung der Datenverf\u00fcgbarkeit<\/li><li>Unterst\u00fctzung bei IT und Software Projekten<\/li><\/ul>\n\n\n\n<h2 style=\"color:#0085ca;\">Softwareentwicklung:<\/h2>\n\n\n\n<h3 style=\"color:#0085ca;\">Individualisierung von Maschinensteuerung:<\/h3>\n\n\n\n<p>In vielen Bereichen gibt es Softwarel\u00f6sungen. Es geht darum diese Module f\u00fcr ihr Unternehmen zu optimieren und zu einem einheitlichen Konzept zu verbinden.  Ma\u00dfgeschneiderten Anwendungen k\u00f6nnen jede Steuerung unterst\u00fctzen und jede Maschine optimieren. <\/p>\n\n\n\n<ul class=\"wp-block-list\"><li>Mehrmaschinenbedienung<\/li><li>Optimierte Erstellung von Maschinenprogrammen<\/li><li>Direkte \u00dcbernahme von bestehenden Firmendaten<\/li><li>Sicherheit durch Eingabekontrollen<\/li><li>\u00c4ltere Maschinen (\u00e4ltere Eingabemedien) k\u00f6nnen wieder optimal bedient werden<\/li><li>Kosteng\u00fcnstige Kleinserienfertigung<\/li><li>Der Kostenfaktor liegt nur bei der Fertigungszeit<\/li><\/ul>\n\n\n\n<h3 style=\"color:#0085ca;\">Applikationsentwicklung durch Cross Compiling:<\/h3>\n\n\n\n<p>Da im Visual Studio die M\u00f6glichkeit besteht gleichzeitig Sourcecodes f\u00fcr IOS, Android und Windows 10 zu erstellen, werden die Kosten f\u00fcr die Applikationsentwicklung deutlich gesenkt, ohne nennenswerten Qualit\u00e4tsverlust verglichen zu nativen Entwicklungen.<\/p>\n\n\n\n<h2 style=\"color:#0085ca;\">Mehr als nur IT:<\/h2>\n\n\n\n<h3 style=\"color:#0085ca;\">Mitglied der Consult Group:<\/h3>\n\n\n\n<p>Wir pr\u00e4sentieren keine vorgefertigten L\u00f6sungen, sondern beraten individuell und erarbeiten <a href=\"https:\/\/consultgroup.at\/\" target=\"_blank\" rel=\"noreferrer noopener\" aria-label=\"L\u00f6sungsans\u00e4tze (\u00f6ffnet in neuem Tab)\">L\u00f6sungsans\u00e4tze<\/a>, die von Anfang an so konzipiert werden, dass sie realisierbar sind. <\/p>\n\n\n\n<p>Wir erarbeiten gemeinsam mit Ihnen, welche <a href=\"https:\/\/consultgroup.at\/\" target=\"_blank\" rel=\"noreferrer noopener\" aria-label=\"Daten  (\u00f6ffnet in neuem Tab)\">Daten <\/a>in welcher Form und Detaillierung Sie ben\u00f6tigen, um Ihr Unternehmen sicher zu steuern und Schwierigkeiten fr\u00fchzeitig zu erkennen.<\/p>\n\n\n\n<p>Ebenso helfen wir Ihnen Controlling-Strukturen schnell und funktionst\u00fcchtig mit den geeigneten Tools und Systemen mit dem entsprechenden <a href=\"https:\/\/consultgroup.at\/\" target=\"_blank\" rel=\"noreferrer noopener\" aria-label=\"Reporting  (\u00f6ffnet in neuem Tab)\">Reporting <\/a>zu implementieren.<\/p>\n\n\n\n<p>Dank professionellem Risk Management k\u00f6nnen Unternehmensrisiken schnell identifiziert, bewertet und \u2013 durch gezielte <a href=\"https:\/\/consultgroup.at\/\" target=\"_blank\" rel=\"noreferrer noopener\" aria-label=\"Ma\u00dfnahmen  (\u00f6ffnet in neuem Tab)\">Ma\u00dfnahmen <\/a>\u2013 reduziert werden. <\/p>\n\n\n\n<figure class=\"wp-block-image\"><a href=\"https:\/\/consultgroup.at\/\" target=\"_blank\" rel=\"noreferrer noopener\"><img loading=\"lazy\" decoding=\"async\" width=\"1024\" height=\"724\" src=\"https:\/\/masta.co.at\/wp-content\/uploads\/2019\/02\/CG-1024x724.png\" alt=\"\" class=\"wp-image-122\" srcset=\"https:\/\/www.masta.co.at\/wp-content\/uploads\/2019\/02\/CG-1024x724.png 1024w, https:\/\/www.masta.co.at\/wp-content\/uploads\/2019\/02\/CG-300x212.png 300w, https:\/\/www.masta.co.at\/wp-content\/uploads\/2019\/02\/CG-768x543.png 768w\" sizes=\"auto, (max-width: 706px) 89vw, (max-width: 767px) 82vw, 740px\" \/><\/a><\/figure>\n\n\n\n<h3 style=\"color:#0085ca;\">Experte des Datenschutzpowerteams:<\/h3>\n\n\n\n<p>Mit 26.5.2018 ist die EU Datenschutzgrundverordnung in Kraft getreten. Unser Ansatz ist konstruktiv, wir wollen ohne Panik leistbare L\u00f6sungen anbieten. Unsere Zielgruppe sind vor allem die Kleinstunternehmen, Einpersonenunternehmen aber auch Unternehmen bis 100 Mitarbeiter. Wir glauben, dass im <a rel=\"noreferrer noopener\" aria-label=\"Datenschutzdschungel  (\u00f6ffnet in neuem Tab)\" href=\"http:\/\/www.datenschutz-powerteam.at\/\" target=\"_blank\">Datenschutzdschungel <\/a>kein Platz f\u00fcr die \u201eKleinen\u201c ist, diese L\u00fccke wollen wir als <a href=\"http:\/\/www.datenschutz-powerteam.at\/\" target=\"_blank\" rel=\"noreferrer noopener\" aria-label=\"Datenschutzpowerteam  (\u00f6ffnet in neuem Tab)\">Datenschutzpowerteam <\/a>schlie\u00dfen.Worin liegt der Nutzen f\u00fcr Sie als Unternehmer, wenn Sie uns beauftragen, Ihre <a rel=\"noreferrer noopener\" aria-label=\"Datenschutzsicherheit (\u00f6ffnet in neuem Tab)\" href=\"http:\/\/www.datenschutz-powerteam.at\/\" target=\"_blank\">Datenschutzsicherheit<\/a> sicherzustellen? <\/p>\n\n\n\n<ul class=\"wp-block-list\"><li>Sie vermeiden hohe Wiederherstellungskosten bei Daten Pannen<\/li><li>Sie bekommen durchgedachte Prozesse Beschleunigungen und Klarheit f\u00fcr Ihr Unternehmen und werden damit effizienter und kosteng\u00fcnstiger<\/li><li> Sie vermeiden \u00c4rger mit der Datenschutzbeh\u00f6rde <\/li><\/ul>\n\n\n\n<div class=\"wp-block-image\"><figure class=\"aligncenter is-resized\"><a href=\"http:\/\/www.datenschutz-powerteam.at\/\" target=\"_blank\" rel=\"noreferrer noopener\"><img loading=\"lazy\" decoding=\"async\" src=\"https:\/\/masta.co.at\/wp-content\/uploads\/2019\/02\/Wide310.png\" alt=\"\" class=\"wp-image-130\" width=\"388\" height=\"188\" srcset=\"https:\/\/www.masta.co.at\/wp-content\/uploads\/2019\/02\/Wide310.png 310w, https:\/\/www.masta.co.at\/wp-content\/uploads\/2019\/02\/Wide310-300x145.png 300w\" sizes=\"auto, (max-width: 388px) 100vw, 388px\" \/><\/a><\/figure><\/div>\n","protected":false},"excerpt":{"rendered":"<p>IT Consulting: Eine kompetente und pers\u00f6nliche Beratung ihres IT-Projekts. Auch nach Projektende k\u00f6nnen sie durch Wartungsvertr\u00e4ge von meinem IT-Service profitieren. Analyse ihrer IT-Infrastruktur Optimierung ihrer Software Evaluierung der Datensicherheit Analyse und Optimierung der Datenverf\u00fcgbarkeit Unterst\u00fctzung bei IT und Software Projekten Softwareentwicklung: Individualisierung von Maschinensteuerung: In vielen Bereichen gibt es Softwarel\u00f6sungen. Es geht darum diese Module &hellip; <\/p>\n<p class=\"link-more\"><a href=\"https:\/\/www.masta.co.at\/?page_id=74\" class=\"more-link\"><span class=\"screen-reader-text\">\u201eLeistung\u201c<\/span> weiterlesen<\/a><\/p>\n","protected":false},"author":1,"featured_media":0,"parent":0,"menu_order":0,"comment_status":"closed","ping_status":"closed","template":"","meta":{"footnotes":""},"class_list":["post-74","page","type-page","status-publish","hentry"],"_links":{"self":[{"href":"https:\/\/www.masta.co.at\/index.php?rest_route=\/wp\/v2\/pages\/74","targetHints":{"allow":["GET"]}}],"collection":[{"href":"https:\/\/www.masta.co.at\/index.php?rest_route=\/wp\/v2\/pages"}],"about":[{"href":"https:\/\/www.masta.co.at\/index.php?rest_route=\/wp\/v2\/types\/page"}],"author":[{"embeddable":true,"href":"https:\/\/www.masta.co.at\/index.php?rest_route=\/wp\/v2\/users\/1"}],"replies":[{"embeddable":true,"href":"https:\/\/www.masta.co.at\/index.php?rest_route=%2Fwp%2Fv2%2Fcomments&post=74"}],"version-history":[{"count":24,"href":"https:\/\/www.masta.co.at\/index.php?rest_route=\/wp\/v2\/pages\/74\/revisions"}],"predecessor-version":[{"id":152,"href":"https:\/\/www.masta.co.at\/index.php?rest_route=\/wp\/v2\/pages\/74\/revisions\/152"}],"wp:attachment":[{"href":"https:\/\/www.masta.co.at\/index.php?rest_route=%2Fwp%2Fv2%2Fmedia&parent=74"}],"curies":[{"name":"wp","href":"https:\/\/api.w.org\/{rel}","templated":true}]}}