{"id":86,"date":"2019-02-13T16:55:05","date_gmt":"2019-02-13T15:55:05","guid":{"rendered":"https:\/\/stadlbauer.wasta.at\/?page_id=86"},"modified":"2021-07-19T08:38:36","modified_gmt":"2021-07-19T06:38:36","slug":"referenz","status":"publish","type":"page","link":"https:\/\/www.masta.co.at\/?page_id=86","title":{"rendered":"Referenz"},"content":{"rendered":"\n<h2 style=\"color:#0085ca;\">Licht und Ton Steuerung Chenot Palace Weggis<\/h2>\n\n\n\n<div class=\"wp-block-media-text alignwide is-stacked-on-mobile\"><figure class=\"wp-block-media-text__media\"><img loading=\"lazy\" decoding=\"async\" width=\"1021\" height=\"527\" src=\"https:\/\/masta.co.at\/wp-content\/uploads\/2021\/07\/Chenot2.png\" alt=\"\" class=\"wp-image-166 size-full\" srcset=\"https:\/\/www.masta.co.at\/wp-content\/uploads\/2021\/07\/Chenot2.png 1021w, https:\/\/www.masta.co.at\/wp-content\/uploads\/2021\/07\/Chenot2-300x155.png 300w, https:\/\/www.masta.co.at\/wp-content\/uploads\/2021\/07\/Chenot2-768x396.png 768w\" sizes=\"auto, (max-width: 706px) 89vw, (max-width: 767px) 82vw, 740px\" \/><\/figure><div class=\"wp-block-media-text__content\">\n<p class=\"has-small-font-size\">Eine Ansteuerung des ArtNet-LED-Dimmer 6 Controllers mittels einer Touchscreen Anwendung. Die Lichtprogramme werden \u00fcber einen TXT File verarbeitet und k\u00f6nnen ge\u00e4ndert werden.    <\/p>\n<\/div><\/div>\n\n\n\n<h2 style=\"color:#0085ca;\">T\u00fcrsteuerung mit RPI und Touch<\/h2>\n\n\n\n<div class=\"wp-block-media-text alignwide has-media-on-the-right is-stacked-on-mobile\"><figure class=\"wp-block-media-text__media\"><img loading=\"lazy\" decoding=\"async\" width=\"920\" height=\"452\" src=\"https:\/\/masta.co.at\/wp-content\/uploads\/2021\/07\/RPITouch.png\" alt=\"\" class=\"wp-image-162 size-full\" srcset=\"https:\/\/www.masta.co.at\/wp-content\/uploads\/2021\/07\/RPITouch.png 920w, https:\/\/www.masta.co.at\/wp-content\/uploads\/2021\/07\/RPITouch-300x147.png 300w, https:\/\/www.masta.co.at\/wp-content\/uploads\/2021\/07\/RPITouch-768x377.png 768w\" sizes=\"auto, (max-width: 706px) 89vw, (max-width: 767px) 82vw, 740px\" \/><\/figure><div class=\"wp-block-media-text__content\">\n<p class=\"has-small-font-size\">Dies Anwendung wurde mittels Crosscompiling \u00fcber Visual Studio in Kombination mit Windows IOT f\u00fcr RPI realisiert. Die zeitgeschaltet T\u00fcrsteuerung ist mit einer MySql Datenbank Anbindung an weitere Anwendungen verbunden.<\/p>\n<\/div><\/div>\n\n\n\n<h2 style=\"color:#0085ca;\">Licht und Ton Steuerung Preidlhof<\/h2>\n\n\n\n<div class=\"wp-block-media-text alignwide is-stacked-on-mobile\"><figure class=\"wp-block-media-text__media\"><img loading=\"lazy\" decoding=\"async\" width=\"810\" height=\"494\" src=\"https:\/\/masta.co.at\/wp-content\/uploads\/2021\/07\/Preidlhof2.png\" alt=\"\" class=\"wp-image-161 size-full\" srcset=\"https:\/\/www.masta.co.at\/wp-content\/uploads\/2021\/07\/Preidlhof2.png 810w, https:\/\/www.masta.co.at\/wp-content\/uploads\/2021\/07\/Preidlhof2-300x183.png 300w, https:\/\/www.masta.co.at\/wp-content\/uploads\/2021\/07\/Preidlhof2-768x468.png 768w\" sizes=\"auto, (max-width: 706px) 89vw, (max-width: 767px) 82vw, 740px\" \/><\/figure><div class=\"wp-block-media-text__content\">\n<p class=\"has-small-font-size\">Eine Ansteuerung des ArtNet-LED-Dimmer 6 Controllers mittels einer Touchscreen Anwendung. Die Lichtprogramme werden \u00fcber einen TXT File verarbeitet und k\u00f6nnen ge\u00e4ndert werden.    <\/p>\n<\/div><\/div>\n\n\n\n<h2 style=\"color:#0085ca;\">Verarbeitungsverzeichnis f\u00fcr die DSGVO<\/h2>\n\n\n\n<div class=\"wp-block-media-text alignwide has-media-on-the-right is-stacked-on-mobile\"><figure class=\"wp-block-media-text__media\"><img loading=\"lazy\" decoding=\"async\" width=\"1024\" height=\"683\" src=\"https:\/\/masta.co.at\/wp-content\/uploads\/2019\/02\/Datenschutz_Powerteam_background-1024x683.jpg\" alt=\"\" class=\"wp-image-118 size-full\" srcset=\"https:\/\/www.masta.co.at\/wp-content\/uploads\/2019\/02\/Datenschutz_Powerteam_background-1024x683.jpg 1024w, https:\/\/www.masta.co.at\/wp-content\/uploads\/2019\/02\/Datenschutz_Powerteam_background-300x200.jpg 300w, https:\/\/www.masta.co.at\/wp-content\/uploads\/2019\/02\/Datenschutz_Powerteam_background-768x512.jpg 768w\" sizes=\"auto, (max-width: 706px) 89vw, (max-width: 767px) 82vw, 740px\" \/><\/figure><div class=\"wp-block-media-text__content\">\n<p class=\"has-small-font-size\">Die Bestimmungen der DSGVO in der Fassung des Datenschutz-Anpassungsgesetzes 2018 und des Datenschutz-Deregulierungs-Gesetzes 2018 gelten seit 25.5.2018.  <br>Jedes Unternehmen, das in irgendeiner Weise personenbezogene Daten verarbeitet (z.B. eine Kunden Datei f\u00fchrt, Rechnungen ausstellt, Lieferanten Daten speichert), ist betroffen.   <br>F\u00fcr eine Vereinfachung und Automatisierung der Auskunft, L\u00f6schung und Berichtigungspflicht von Personen bezogenen Daten ist dieses Tool der Ideale Sammelpunkt dieser Daten.   <br>Damit die Daten nicht wieder bei einem Auftrags Verarbeiter landen, werden alle Datens\u00e4tze lokal auf einer Datenbank gespeichert und k\u00f6nne jederzeit mittels PDF ausgedruckt und archiviert werden.  <\/p>\n<\/div><\/div>\n\n\n\n<h2 style=\"color:#0085ca;\">HTML Oberfl\u00e4che f\u00fcr die EnergieBox von Softwerk<\/h2>\n\n\n\n<div class=\"wp-block-media-text alignwide is-stacked-on-mobile\"><figure class=\"wp-block-media-text__media\"><img loading=\"lazy\" decoding=\"async\" width=\"600\" height=\"378\" src=\"https:\/\/masta.co.at\/wp-content\/uploads\/2019\/02\/Softwerk_2.jpg\" alt=\"\" class=\"wp-image-33 size-full\" srcset=\"https:\/\/www.masta.co.at\/wp-content\/uploads\/2019\/02\/Softwerk_2.jpg 600w, https:\/\/www.masta.co.at\/wp-content\/uploads\/2019\/02\/Softwerk_2-300x189.jpg 300w\" sizes=\"auto, (max-width: 600px) 100vw, 600px\" \/><\/figure><div class=\"wp-block-media-text__content\">\n<p class=\"has-small-font-size\">Eine HTML Kommunikationsschnittstelle zur Siemens SIMATIC CPU 1510SP-1 PN.  <br>Diese Schnittstelle wird f\u00fcr die Diagnose- und Konfigurationsparameter der Universal- und Energie-Box von Softwerk verwendet.   <\/p>\n<\/div><\/div>\n\n\n\n<h2 style=\"color:#0085ca;\">Wildunfall Applikation f\u00fcr Android und Apple IOS<\/h2>\n\n\n\n<div class=\"wp-block-media-text alignwide has-media-on-the-right is-stacked-on-mobile\"><figure class=\"wp-block-media-text__media\"><img loading=\"lazy\" decoding=\"async\" width=\"600\" height=\"378\" src=\"https:\/\/masta.co.at\/wp-content\/uploads\/2019\/02\/Wildunfall.jpg\" alt=\"\" class=\"wp-image-32 size-full\" srcset=\"https:\/\/www.masta.co.at\/wp-content\/uploads\/2019\/02\/Wildunfall.jpg 600w, https:\/\/www.masta.co.at\/wp-content\/uploads\/2019\/02\/Wildunfall-300x189.jpg 300w\" sizes=\"auto, (max-width: 600px) 100vw, 600px\" \/><\/figure><div class=\"wp-block-media-text__content\">\n<p class=\"has-small-font-size\">Diese Applikation dient dazu, bei Unf\u00e4lle mit Wildbeteiligung schnell und zuverl\u00e4ssig den Ort des Geschehens abzufragen und das zust\u00e4ndige Polizeirevier zu verst\u00e4ndigen.  <br>Die WILDUNFALL-APP ist gratis f\u00fcr Apple im App Store und f\u00fcr Android Systeme im Google Play Store verf\u00fcgbar. Einfach auf&nbsp;<a href=\"https:\/\/play.google.com\/\">https:\/\/play.google.com<\/a>oder im App Store nach Wildunfall suchen und installieren.  <\/p>\n<\/div><\/div>\n\n\n\n<h2 style=\"color:#0085ca;\">Brennstoffvergleich Applikation Entwicklung<\/h2>\n\n\n\n<div class=\"wp-block-media-text alignwide is-stacked-on-mobile\"><figure class=\"wp-block-media-text__media\"><img loading=\"lazy\" decoding=\"async\" width=\"893\" height=\"582\" src=\"https:\/\/masta.co.at\/wp-content\/uploads\/2019\/02\/Hintergrunf.jpg\" alt=\"\" class=\"wp-image-31 size-full\" srcset=\"https:\/\/www.masta.co.at\/wp-content\/uploads\/2019\/02\/Hintergrunf.jpg 893w, https:\/\/www.masta.co.at\/wp-content\/uploads\/2019\/02\/Hintergrunf-300x196.jpg 300w, https:\/\/www.masta.co.at\/wp-content\/uploads\/2019\/02\/Hintergrunf-768x501.jpg 768w\" sizes=\"auto, (max-width: 706px) 89vw, (max-width: 767px) 82vw, 740px\" \/><\/figure><div class=\"wp-block-media-text__content\">\n<p class=\"has-small-font-size\">Die Brennstoffvergleichsapplikation &#8222;der Emissionskalkulator&#8220; wurde f\u00fcr den Sachverst\u00e4ndigen&nbsp;<a rel=\"noreferrer noopener\" href=\"http:\/\/www.tb-prueller.at\/\" target=\"_blank\">Klaus Pr\u00fcller<\/a>&nbsp;entwickelt.  <br>Es wurden jeweils Clientapplikationen f\u00fcr&nbsp;<a rel=\"noreferrer noopener\" href=\"http:\/\/prueller.bplaced.net\/pruller\/registry.php\" target=\"_blank\">Windows&nbsp;<\/a>und&nbsp;<a rel=\"noreferrer noopener\" href=\"http:\/\/prueller.bplaced.net\/pruller\/registry.php\" target=\"_blank\">Android&nbsp;<\/a>erstellt.  <br>Die Sever Applikation f\u00fcr die Berechnungen der Emissionen wurde in C# realisiert.  <\/p>\n<\/div><\/div>\n\n\n\n<h2 style=\"color:#0085ca;\"\">OpenGL Entwicklung f\u00fcr Kogler<\/a><\/h2>\n\n\n\n<div class=\"wp-block-media-text alignwide has-media-on-the-right is-stacked-on-mobile\"><figure class=\"wp-block-media-text__media\"><img loading=\"lazy\" decoding=\"async\" width=\"300\" height=\"190\" src=\"https:\/\/masta.co.at\/wp-content\/uploads\/2019\/02\/KoglerOpenGL.jpg\" alt=\"\" class=\"wp-image-30 size-full\"\/><\/figure><div class=\"wp-block-media-text__content\">\n<p class=\"has-small-font-size\">Eine Softwareentwicklung f\u00fcr die&nbsp;<a rel=\"noreferrer noopener\" href=\"http:\/\/www.kogler-software.at\/\" target=\"_blank\">Firma Kogler Software<\/a>. Die OpenGL Ausgabe wird f\u00fcr die Darstellung von Verpackungsmaterial verwendet.&nbsp;<br>Zur schnellen \u00c4nderung der Eingaben kann an den mitrotierenden Eingabefeldern die Zuordnung der Werte ver\u00e4ndert werden. <\/p>\n<\/div><\/div>\n\n\n\n<h2 style=\"color:#0085ca;\">Integration einer Maschinensteuerung von Makino<\/h2>\n\n\n\n<div class=\"wp-block-media-text alignwide is-stacked-on-mobile\"><figure class=\"wp-block-media-text__media\"><img loading=\"lazy\" decoding=\"async\" width=\"300\" height=\"169\" src=\"https:\/\/masta.co.at\/wp-content\/uploads\/2019\/02\/Promot_Makino.jpg\" alt=\"\" class=\"wp-image-29 size-full\"\/><\/figure><div class=\"wp-block-media-text__content\">\n<p class=\"has-small-font-size\">Einbindung einer&nbsp;<a rel=\"noreferrer noopener\" href=\"http:\/\/www.makino.eu\/home-de\/\" target=\"_blank\">Makino Milling Machine&nbsp;<\/a>an das Leitrechnersystem einer Firma in Roitham  <\/p>\n<\/div><\/div>\n\n\n\n<h2 style=\"color:#0085ca;\">Homepage Kulturkreis Wallern:<\/a><\/h2>\n\n\n\n<div class=\"wp-block-media-text alignwide has-media-on-the-right is-stacked-on-mobile\"><figure class=\"wp-block-media-text__media\"><img loading=\"lazy\" decoding=\"async\" width=\"300\" height=\"147\" src=\"https:\/\/masta.co.at\/wp-content\/uploads\/2019\/02\/KulturkreisWallern.jpg\" alt=\"\" class=\"wp-image-28 size-full\"\/><\/figure><div class=\"wp-block-media-text__content\">\n<p class=\"has-small-font-size\">Mobile und Desktop optimierte Homepage f\u00fcr den Kulturkreis Wallern.  <br>Es wurde speziell ein Datenbankfreies CMS System verwendet  <\/p>\n<\/div><\/div>\n\n\n\n<h2 style=\"color:#0085ca;\">Homepage Klaus Pr\u00fcller<\/a><\/h2>\n\n\n\n<div class=\"wp-block-media-text alignwide is-stacked-on-mobile\"><figure class=\"wp-block-media-text__media\"><img loading=\"lazy\" decoding=\"async\" width=\"300\" height=\"148\" src=\"https:\/\/masta.co.at\/wp-content\/uploads\/2019\/02\/PruellerHomepage.jpg\" alt=\"\" class=\"wp-image-26 size-full\"\/><\/figure><div class=\"wp-block-media-text__content\">\n<p class=\"has-small-font-size\">Homepage des allgemein beeideten und gerichtlich zertifizierten Sachverst\u00e4ndigen Energieeffizienzbeauftragten<a rel=\"noreferrer noopener\" href=\"http:\/\/www.tb-prueller.at\/\" target=\"_blank\">&nbsp;Ing. Klaus Pr\u00fcller<\/a>. <\/p>\n<\/div><\/div>\n\n\n\n<h2 style=\"color:#0085ca;\">Vitadrom<\/a><\/h2>\n\n\n\n<div class=\"wp-block-media-text alignwide has-media-on-the-right is-stacked-on-mobile\"><figure class=\"wp-block-media-text__media\"><img loading=\"lazy\" decoding=\"async\" width=\"300\" height=\"211\" src=\"https:\/\/masta.co.at\/wp-content\/uploads\/2019\/02\/Vitadrom_Main.jpg\" alt=\"\" class=\"wp-image-25 size-full\"\/><\/figure><div class=\"wp-block-media-text__content\">\n<p class=\"has-small-font-size\">\n\nRaspberry PI als individualisiertes Linux Mediacenter f\u00fcr das Fitnessstudio<a rel=\"noreferrer noopener\" href=\"http:\/\/www.vitadrom.at\/index.php?id=vitadrom\" target=\"_blank\">&nbsp;Vitadrom<\/a><\/p>\n<\/div><\/div>\n\n\n\n<h2 style=\"color:#0085ca;\">Postprozessing f\u00fcr REA Jet<\/a><\/h2>\n\n\n\n<div class=\"wp-block-media-text alignwide is-stacked-on-mobile\"><figure class=\"wp-block-media-text__media\"><img loading=\"lazy\" decoding=\"async\" width=\"300\" height=\"169\" src=\"https:\/\/masta.co.at\/wp-content\/uploads\/2019\/02\/REA-Jet.jpg\" alt=\"\" class=\"wp-image-24 size-full\"\/><\/figure><div class=\"wp-block-media-text__content\">\n<p class=\"has-small-font-size\">Mit diesem Programm kann der Maschinenf\u00fchrer schnell zwischen drei verschiedenen Plattenqualit\u00e4ten ausw\u00e4hlen und an den Druckkopf der&nbsp;<a rel=\"noreferrer noopener\" href=\"http:\/\/www.rea-jet.de\/\" target=\"_blank\">Firma REA Elektronik GmbH \u00d6sterreich<\/a>&nbsp;senden. Das Programm wird in der Holzindustrie zur Beschriftung von Leimbindern eingesetzt.  <\/p>\n<\/div><\/div>\n\n\n\n<h2 style=\"color:#0085ca;\">Verschachtelungstool:<\/a><\/h2>\n\n\n\n<div class=\"wp-block-media-text alignwide has-media-on-the-right is-stacked-on-mobile\"><figure class=\"wp-block-media-text__media\"><img loading=\"lazy\" decoding=\"async\" width=\"300\" height=\"189\" src=\"https:\/\/masta.co.at\/wp-content\/uploads\/2019\/02\/Verschachtelung_a_neu.jpg\" alt=\"\" class=\"wp-image-23 size-full\"\/><\/figure><div class=\"wp-block-media-text__content\">\n<p class=\"has-small-font-size\">Heuristischer Algorithmus zur Platzoptimierung f\u00fcr den Laserzuschnitt von S\u00e4genronden<\/p>\n<\/div><\/div>\n\n\n\n<h2 style=\"color:#0085ca;\">KVP Tafeln<\/h2>\n\n\n\n<div class=\"wp-block-media-text alignwide is-stacked-on-mobile\"><figure class=\"wp-block-media-text__media\"><img loading=\"lazy\" decoding=\"async\" width=\"300\" height=\"189\" src=\"https:\/\/masta.co.at\/wp-content\/uploads\/2019\/02\/KVP-Tafeln_neu.jpg\" alt=\"\" class=\"wp-image-22 size-full\"\/><\/figure><div class=\"wp-block-media-text__content\">\n<p class=\"has-small-font-size\">Dynamische Informationstafeln f\u00fcr die Linienfertigung  <\/p>\n<\/div><\/div>\n\n\n\n<h2 style=\"color:#0085ca;\">Postprozessing&nbsp;von Maschinendaten<\/h2>\n\n\n\n<div class=\"wp-block-media-text alignwide has-media-on-the-right is-stacked-on-mobile\"><figure class=\"wp-block-media-text__media\"><img loading=\"lazy\" decoding=\"async\" width=\"300\" height=\"216\" src=\"https:\/\/masta.co.at\/wp-content\/uploads\/2019\/02\/Sodick_neu.jpg\" alt=\"\" class=\"wp-image-21 size-full\"\/><\/figure><div class=\"wp-block-media-text__content\">\n<p class=\"has-small-font-size\">Eine GUI f\u00fcr den Import und der Aufbereitung von Daten und der Erstellung eines NC-Codes f\u00fcr&nbsp;bestimmte&nbsp;Maschinentypen&nbsp;aus bestehenden Firmendaten. <\/p>\n<\/div><\/div>\n","protected":false},"excerpt":{"rendered":"<p>Licht und Ton Steuerung Chenot Palace Weggis Eine Ansteuerung des ArtNet-LED-Dimmer 6 Controllers mittels einer Touchscreen Anwendung. Die Lichtprogramme werden \u00fcber einen TXT File verarbeitet und k\u00f6nnen ge\u00e4ndert werden. T\u00fcrsteuerung mit RPI und Touch Dies Anwendung wurde mittels Crosscompiling \u00fcber Visual Studio in Kombination mit Windows IOT f\u00fcr RPI realisiert. Die zeitgeschaltet T\u00fcrsteuerung ist mit &hellip; <\/p>\n<p class=\"link-more\"><a href=\"https:\/\/www.masta.co.at\/?page_id=86\" class=\"more-link\"><span class=\"screen-reader-text\">\u201eReferenz\u201c<\/span> weiterlesen<\/a><\/p>\n","protected":false},"author":1,"featured_media":0,"parent":0,"menu_order":0,"comment_status":"closed","ping_status":"closed","template":"","meta":{"footnotes":""},"class_list":["post-86","page","type-page","status-publish","hentry"],"_links":{"self":[{"href":"https:\/\/www.masta.co.at\/index.php?rest_route=\/wp\/v2\/pages\/86","targetHints":{"allow":["GET"]}}],"collection":[{"href":"https:\/\/www.masta.co.at\/index.php?rest_route=\/wp\/v2\/pages"}],"about":[{"href":"https:\/\/www.masta.co.at\/index.php?rest_route=\/wp\/v2\/types\/page"}],"author":[{"embeddable":true,"href":"https:\/\/www.masta.co.at\/index.php?rest_route=\/wp\/v2\/users\/1"}],"replies":[{"embeddable":true,"href":"https:\/\/www.masta.co.at\/index.php?rest_route=%2Fwp%2Fv2%2Fcomments&post=86"}],"version-history":[{"count":12,"href":"https:\/\/www.masta.co.at\/index.php?rest_route=\/wp\/v2\/pages\/86\/revisions"}],"predecessor-version":[{"id":170,"href":"https:\/\/www.masta.co.at\/index.php?rest_route=\/wp\/v2\/pages\/86\/revisions\/170"}],"wp:attachment":[{"href":"https:\/\/www.masta.co.at\/index.php?rest_route=%2Fwp%2Fv2%2Fmedia&parent=86"}],"curies":[{"name":"wp","href":"https:\/\/api.w.org\/{rel}","templated":true}]}}